{"id":4376,"date":"2020-01-20T00:00:00","date_gmt":"2020-01-19T23:00:00","guid":{"rendered":"https:\/\/www.co-nect.fr\/catalogue-mobilier\/non%20class\u00e9\/ensemble-about-a-chair\/"},"modified":"2023-12-21T14:48:32","modified_gmt":"2023-12-21T13:48:32","slug":"ensemble-about-a-chair","status":"publish","type":"product","link":"https:\/\/www.co-nect.fr\/en\/catalogue-mobilier\/chair-set\/ensemble-about-a-chair\/","title":{"rendered":"About A Chair Set"},"content":{"rendered":"","protected":false},"excerpt":{"rendered":"<ul>\r\n \t<li>Informations : 3 white ABOUT A CHAIR chairs + 1 LOTUS table W 60 x D 60 x H 75<\/li>\r\n \t<li>REF ENS86<\/li>\r\n<\/ul>","protected":false},"featured_media":7542,"template":"","meta":{"_seopress_robots_primary_cat":"none","_seopress_titles_title":"About A Chair Set","_seopress_titles_desc":"About A Chair Set rental for your events | CO-NECT","_seopress_robots_index":""},"product_brand":[],"product_cat":[75],"product_tag":[],"class_list":{"0":"post-4376","1":"product","2":"type-product","3":"status-publish","4":"has-post-thumbnail","6":"product_cat-chair-set","8":"first","9":"instock","10":"taxable","11":"shipping-taxable","12":"purchasable","13":"product-type-simple"},"yoast_head":"<!-- This site is optimized with the Yoast SEO plugin v27.3 - https:\/\/yoast.com\/product\/yoast-seo-wordpress\/ -->\n<title>About A Chair Set<\/title>\n<meta name=\"description\" content=\"Location de About A Chair Set pour vos \u00e9v\u00e9nements | Co-nect\" \/>\n<meta name=\"robots\" content=\"index, follow, max-snippet:-1, max-image-preview:large, max-video-preview:-1\" \/>\n<link rel=\"canonical\" href=\"https:\/\/www.co-nect.fr\/catalogue-mobilier\/ensemble-chaises\/ensemble-about-a-chair\/\" \/>\n<meta property=\"og:locale\" content=\"en_US\" \/>\n<meta property=\"og:type\" content=\"article\" \/>\n<meta property=\"og:title\" content=\"About A Chair Set\" \/>\n<meta property=\"og:description\" content=\"Location de About A Chair Set pour vos \u00e9v\u00e9nements | Co-nect\" \/>\n<meta property=\"og:url\" content=\"https:\/\/www.co-nect.fr\/catalogue-mobilier\/ensemble-chaises\/ensemble-about-a-chair\/\" \/>\n<meta property=\"og:site_name\" content=\"Co-nect\" \/>\n<meta property=\"article:modified_time\" content=\"2023-12-21T13:48:32+00:00\" \/>\n<meta property=\"og:image\" content=\"https:\/\/www.co-nect.fr\/wp-content\/uploads\/2020\/01\/ens-86.png\" \/>\n\t<meta property=\"og:image:width\" content=\"500\" \/>\n\t<meta property=\"og:image:height\" content=\"500\" \/>\n\t<meta property=\"og:image:type\" content=\"image\/png\" \/>\n<meta name=\"twitter:card\" content=\"summary_large_image\" \/>\n<script type=\"application\/ld+json\" class=\"yoast-schema-graph\">{\"@context\":\"https:\\\/\\\/schema.org\",\"@graph\":[{\"@type\":\"WebPage\",\"@id\":\"https:\\\/\\\/www.co-nect.fr\\\/catalogue-mobilier\\\/ensemble-chaises\\\/ensemble-about-a-chair\\\/\",\"url\":\"https:\\\/\\\/www.co-nect.fr\\\/catalogue-mobilier\\\/ensemble-chaises\\\/ensemble-about-a-chair\\\/\",\"name\":\"About A Chair Set\",\"isPartOf\":{\"@id\":\"https:\\\/\\\/www.co-nect.fr\\\/#website\"},\"primaryImageOfPage\":{\"@id\":\"https:\\\/\\\/www.co-nect.fr\\\/catalogue-mobilier\\\/ensemble-chaises\\\/ensemble-about-a-chair\\\/#primaryimage\"},\"image\":{\"@id\":\"https:\\\/\\\/www.co-nect.fr\\\/catalogue-mobilier\\\/ensemble-chaises\\\/ensemble-about-a-chair\\\/#primaryimage\"},\"thumbnailUrl\":\"https:\\\/\\\/www.co-nect.fr\\\/wp-content\\\/uploads\\\/2020\\\/01\\\/ens-86.png\",\"datePublished\":\"2020-01-19T23:00:00+00:00\",\"dateModified\":\"2023-12-21T13:48:32+00:00\",\"description\":\"Location de About A Chair Set pour vos \u00e9v\u00e9nements | Co-nect\",\"breadcrumb\":{\"@id\":\"https:\\\/\\\/www.co-nect.fr\\\/catalogue-mobilier\\\/ensemble-chaises\\\/ensemble-about-a-chair\\\/#breadcrumb\"},\"inLanguage\":\"en-US\",\"potentialAction\":[{\"@type\":\"ReadAction\",\"target\":[\"https:\\\/\\\/www.co-nect.fr\\\/catalogue-mobilier\\\/ensemble-chaises\\\/ensemble-about-a-chair\\\/\"]}]},{\"@type\":\"ImageObject\",\"inLanguage\":\"en-US\",\"@id\":\"https:\\\/\\\/www.co-nect.fr\\\/catalogue-mobilier\\\/ensemble-chaises\\\/ensemble-about-a-chair\\\/#primaryimage\",\"url\":\"https:\\\/\\\/www.co-nect.fr\\\/wp-content\\\/uploads\\\/2020\\\/01\\\/ens-86.png\",\"contentUrl\":\"https:\\\/\\\/www.co-nect.fr\\\/wp-content\\\/uploads\\\/2020\\\/01\\\/ens-86.png\",\"width\":500,\"height\":500,\"caption\":\"ensemble-about-a-chair-ens86\"},{\"@type\":\"BreadcrumbList\",\"@id\":\"https:\\\/\\\/www.co-nect.fr\\\/catalogue-mobilier\\\/ensemble-chaises\\\/ensemble-about-a-chair\\\/#breadcrumb\",\"itemListElement\":[{\"@type\":\"ListItem\",\"position\":1,\"name\":\"Accueil\",\"item\":\"https:\\\/\\\/www.co-nect.fr\\\/en\\\/\"},{\"@type\":\"ListItem\",\"position\":2,\"name\":\"Furniture catalog\",\"item\":\"https:\\\/\\\/www.co-nect.fr\\\/catalogue-mobilier\\\/\"},{\"@type\":\"ListItem\",\"position\":3,\"name\":\"About A Chair Set\"}]},{\"@type\":\"WebSite\",\"@id\":\"https:\\\/\\\/www.co-nect.fr\\\/#website\",\"url\":\"https:\\\/\\\/www.co-nect.fr\\\/\",\"name\":\"Co-nect\",\"description\":\"Ma\u00eetre en \u00e9v\u00e9nements\",\"publisher\":{\"@id\":\"https:\\\/\\\/www.co-nect.fr\\\/#organization\"},\"potentialAction\":[{\"@type\":\"SearchAction\",\"target\":{\"@type\":\"EntryPoint\",\"urlTemplate\":\"https:\\\/\\\/www.co-nect.fr\\\/?s={search_term_string}\"},\"query-input\":{\"@type\":\"PropertyValueSpecification\",\"valueRequired\":true,\"valueName\":\"search_term_string\"}}],\"inLanguage\":\"en-US\"},{\"@type\":\"Organization\",\"@id\":\"https:\\\/\\\/www.co-nect.fr\\\/#organization\",\"name\":\"Les Ortigues\",\"url\":\"https:\\\/\\\/www.co-nect.fr\\\/\",\"logo\":{\"@type\":\"ImageObject\",\"inLanguage\":\"en-US\",\"@id\":\"https:\\\/\\\/www.co-nect.fr\\\/#\\\/schema\\\/logo\\\/image\\\/\",\"url\":\"\",\"contentUrl\":\"\",\"caption\":\"Les Ortigues\"},\"image\":{\"@id\":\"https:\\\/\\\/www.co-nect.fr\\\/#\\\/schema\\\/logo\\\/image\\\/\"}}]}<\/script>\n<!-- \/ Yoast SEO plugin. -->","yoast_head_json":{"title":"About A Chair Set","description":"Location de About A Chair Set pour vos \u00e9v\u00e9nements | Co-nect","robots":{"index":"index","follow":"follow","max-snippet":"max-snippet:-1","max-image-preview":"max-image-preview:large","max-video-preview":"max-video-preview:-1"},"canonical":"https:\/\/www.co-nect.fr\/catalogue-mobilier\/ensemble-chaises\/ensemble-about-a-chair\/","og_locale":"en_US","og_type":"article","og_title":"About A Chair Set","og_description":"Location de About A Chair Set pour vos \u00e9v\u00e9nements | Co-nect","og_url":"https:\/\/www.co-nect.fr\/catalogue-mobilier\/ensemble-chaises\/ensemble-about-a-chair\/","og_site_name":"Co-nect","article_modified_time":"2023-12-21T13:48:32+00:00","og_image":[{"width":500,"height":500,"url":"https:\/\/www.co-nect.fr\/wp-content\/uploads\/2020\/01\/ens-86.png","type":"image\/png"}],"twitter_card":"summary_large_image","schema":{"@context":"https:\/\/schema.org","@graph":[{"@type":"WebPage","@id":"https:\/\/www.co-nect.fr\/catalogue-mobilier\/ensemble-chaises\/ensemble-about-a-chair\/","url":"https:\/\/www.co-nect.fr\/catalogue-mobilier\/ensemble-chaises\/ensemble-about-a-chair\/","name":"About A Chair Set","isPartOf":{"@id":"https:\/\/www.co-nect.fr\/#website"},"primaryImageOfPage":{"@id":"https:\/\/www.co-nect.fr\/catalogue-mobilier\/ensemble-chaises\/ensemble-about-a-chair\/#primaryimage"},"image":{"@id":"https:\/\/www.co-nect.fr\/catalogue-mobilier\/ensemble-chaises\/ensemble-about-a-chair\/#primaryimage"},"thumbnailUrl":"https:\/\/www.co-nect.fr\/wp-content\/uploads\/2020\/01\/ens-86.png","datePublished":"2020-01-19T23:00:00+00:00","dateModified":"2023-12-21T13:48:32+00:00","description":"Location de About A Chair Set pour vos \u00e9v\u00e9nements | Co-nect","breadcrumb":{"@id":"https:\/\/www.co-nect.fr\/catalogue-mobilier\/ensemble-chaises\/ensemble-about-a-chair\/#breadcrumb"},"inLanguage":"en-US","potentialAction":[{"@type":"ReadAction","target":["https:\/\/www.co-nect.fr\/catalogue-mobilier\/ensemble-chaises\/ensemble-about-a-chair\/"]}]},{"@type":"ImageObject","inLanguage":"en-US","@id":"https:\/\/www.co-nect.fr\/catalogue-mobilier\/ensemble-chaises\/ensemble-about-a-chair\/#primaryimage","url":"https:\/\/www.co-nect.fr\/wp-content\/uploads\/2020\/01\/ens-86.png","contentUrl":"https:\/\/www.co-nect.fr\/wp-content\/uploads\/2020\/01\/ens-86.png","width":500,"height":500,"caption":"ensemble-about-a-chair-ens86"},{"@type":"BreadcrumbList","@id":"https:\/\/www.co-nect.fr\/catalogue-mobilier\/ensemble-chaises\/ensemble-about-a-chair\/#breadcrumb","itemListElement":[{"@type":"ListItem","position":1,"name":"Accueil","item":"https:\/\/www.co-nect.fr\/en\/"},{"@type":"ListItem","position":2,"name":"Furniture catalog","item":"https:\/\/www.co-nect.fr\/catalogue-mobilier\/"},{"@type":"ListItem","position":3,"name":"About A Chair Set"}]},{"@type":"WebSite","@id":"https:\/\/www.co-nect.fr\/#website","url":"https:\/\/www.co-nect.fr\/","name":"Co-nect","description":"Ma\u00eetre en \u00e9v\u00e9nements","publisher":{"@id":"https:\/\/www.co-nect.fr\/#organization"},"potentialAction":[{"@type":"SearchAction","target":{"@type":"EntryPoint","urlTemplate":"https:\/\/www.co-nect.fr\/?s={search_term_string}"},"query-input":{"@type":"PropertyValueSpecification","valueRequired":true,"valueName":"search_term_string"}}],"inLanguage":"en-US"},{"@type":"Organization","@id":"https:\/\/www.co-nect.fr\/#organization","name":"Les Ortigues","url":"https:\/\/www.co-nect.fr\/","logo":{"@type":"ImageObject","inLanguage":"en-US","@id":"https:\/\/www.co-nect.fr\/#\/schema\/logo\/image\/","url":"","contentUrl":"","caption":"Les Ortigues"},"image":{"@id":"https:\/\/www.co-nect.fr\/#\/schema\/logo\/image\/"}}]}},"_links":{"self":[{"href":"https:\/\/www.co-nect.fr\/en\/wp-json\/wp\/v2\/product\/4376","targetHints":{"allow":["GET"]}}],"collection":[{"href":"https:\/\/www.co-nect.fr\/en\/wp-json\/wp\/v2\/product"}],"about":[{"href":"https:\/\/www.co-nect.fr\/en\/wp-json\/wp\/v2\/types\/product"}],"wp:featuredmedia":[{"embeddable":true,"href":"https:\/\/www.co-nect.fr\/en\/wp-json\/wp\/v2\/media\/7542"}],"wp:attachment":[{"href":"https:\/\/www.co-nect.fr\/en\/wp-json\/wp\/v2\/media?parent=4376"}],"wp:term":[{"taxonomy":"product_brand","embeddable":true,"href":"https:\/\/www.co-nect.fr\/en\/wp-json\/wp\/v2\/product_brand?post=4376"},{"taxonomy":"product_cat","embeddable":true,"href":"https:\/\/www.co-nect.fr\/en\/wp-json\/wp\/v2\/product_cat?post=4376"},{"taxonomy":"product_tag","embeddable":true,"href":"https:\/\/www.co-nect.fr\/en\/wp-json\/wp\/v2\/product_tag?post=4376"}],"curies":[{"name":"wp","href":"https:\/\/api.w.org\/{rel}","templated":true}]}}