{"id":13947,"date":"2024-01-10T10:17:42","date_gmt":"2024-01-10T09:17:42","guid":{"rendered":"https:\/\/www.co-nect.fr\/?post_type=product&#038;p=13947"},"modified":"2024-01-18T12:42:46","modified_gmt":"2024-01-18T11:42:46","slug":"step-table-height-72","status":"publish","type":"product","link":"https:\/\/www.co-nect.fr\/en\/catalogue-mobilier\/lighting-furniture\/step-table-height-72\/","title":{"rendered":"Step Table (Height 72)"},"content":{"rendered":"","protected":false},"excerpt":{"rendered":"<ul>\r\n \t<li>Dimensions (\u00d8\/H) : 70 x 72<\/li>\r\n \t<li>Colour : black<\/li>\r\n \t<li>Materials : Metal<\/li>\r\n \t<li>Storage : compact Tilting Tabletop<\/li>\r\n \t<li>REF TAB79<\/li>\r\n<\/ul>","protected":false},"featured_media":13882,"template":"","meta":{"_seopress_robots_primary_cat":"","_seopress_titles_title":"","_seopress_titles_desc":"","_seopress_robots_index":""},"product_brand":[],"product_cat":[104],"product_tag":[],"class_list":{"0":"post-13947","1":"product","2":"type-product","3":"status-publish","4":"has-post-thumbnail","6":"product_cat-lighting-furniture","8":"first","9":"instock","10":"taxable","11":"shipping-taxable","12":"purchasable","13":"product-type-simple"},"yoast_head":"<!-- This site is optimized with the Yoast SEO plugin v27.3 - https:\/\/yoast.com\/product\/yoast-seo-wordpress\/ -->\n<title>Step Table (Height 72)<\/title>\n<meta name=\"description\" content=\"Location de Step Table (Height 72) pour vos \u00e9v\u00e9nements | Co-nect\" \/>\n<meta name=\"robots\" content=\"index, follow, max-snippet:-1, max-image-preview:large, max-video-preview:-1\" \/>\n<link rel=\"canonical\" href=\"https:\/\/www.co-nect.fr\/catalogue-mobilier\/mobilier-lumineux\/table-step-noire-hauteur-72\/\" \/>\n<meta property=\"og:locale\" content=\"en_US\" \/>\n<meta property=\"og:type\" content=\"article\" \/>\n<meta property=\"og:title\" content=\"Step Table (Height 72)\" \/>\n<meta property=\"og:description\" content=\"Location de Step Table (Height 72) pour vos \u00e9v\u00e9nements | Co-nect\" \/>\n<meta property=\"og:url\" content=\"https:\/\/www.co-nect.fr\/catalogue-mobilier\/mobilier-lumineux\/table-step-noire-hauteur-72\/\" \/>\n<meta property=\"og:site_name\" content=\"Co-nect\" \/>\n<meta property=\"article:modified_time\" content=\"2024-01-18T11:42:46+00:00\" \/>\n<meta property=\"og:image\" content=\"https:\/\/www.co-nect.fr\/wp-content\/uploads\/2024\/01\/tab79-table-step-noire-h72.webp\" \/>\n\t<meta property=\"og:image:width\" content=\"448\" \/>\n\t<meta property=\"og:image:height\" content=\"530\" \/>\n\t<meta property=\"og:image:type\" content=\"image\/webp\" \/>\n<meta name=\"twitter:card\" content=\"summary_large_image\" \/>\n<script type=\"application\/ld+json\" class=\"yoast-schema-graph\">{\"@context\":\"https:\\\/\\\/schema.org\",\"@graph\":[{\"@type\":\"WebPage\",\"@id\":\"https:\\\/\\\/www.co-nect.fr\\\/catalogue-mobilier\\\/mobilier-lumineux\\\/table-step-noire-hauteur-72\\\/\",\"url\":\"https:\\\/\\\/www.co-nect.fr\\\/catalogue-mobilier\\\/mobilier-lumineux\\\/table-step-noire-hauteur-72\\\/\",\"name\":\"Step Table (Height 72)\",\"isPartOf\":{\"@id\":\"https:\\\/\\\/www.co-nect.fr\\\/#website\"},\"primaryImageOfPage\":{\"@id\":\"https:\\\/\\\/www.co-nect.fr\\\/catalogue-mobilier\\\/mobilier-lumineux\\\/table-step-noire-hauteur-72\\\/#primaryimage\"},\"image\":{\"@id\":\"https:\\\/\\\/www.co-nect.fr\\\/catalogue-mobilier\\\/mobilier-lumineux\\\/table-step-noire-hauteur-72\\\/#primaryimage\"},\"thumbnailUrl\":\"https:\\\/\\\/www.co-nect.fr\\\/wp-content\\\/uploads\\\/2024\\\/01\\\/tab79-table-step-noire-h72.webp\",\"datePublished\":\"2024-01-10T09:17:42+00:00\",\"dateModified\":\"2024-01-18T11:42:46+00:00\",\"description\":\"Location de Step Table (Height 72) pour vos \u00e9v\u00e9nements | Co-nect\",\"breadcrumb\":{\"@id\":\"https:\\\/\\\/www.co-nect.fr\\\/catalogue-mobilier\\\/mobilier-lumineux\\\/table-step-noire-hauteur-72\\\/#breadcrumb\"},\"inLanguage\":\"en-US\",\"potentialAction\":[{\"@type\":\"ReadAction\",\"target\":[\"https:\\\/\\\/www.co-nect.fr\\\/catalogue-mobilier\\\/mobilier-lumineux\\\/table-step-noire-hauteur-72\\\/\"]}]},{\"@type\":\"ImageObject\",\"inLanguage\":\"en-US\",\"@id\":\"https:\\\/\\\/www.co-nect.fr\\\/catalogue-mobilier\\\/mobilier-lumineux\\\/table-step-noire-hauteur-72\\\/#primaryimage\",\"url\":\"https:\\\/\\\/www.co-nect.fr\\\/wp-content\\\/uploads\\\/2024\\\/01\\\/tab79-table-step-noire-h72.webp\",\"contentUrl\":\"https:\\\/\\\/www.co-nect.fr\\\/wp-content\\\/uploads\\\/2024\\\/01\\\/tab79-table-step-noire-h72.webp\",\"width\":448,\"height\":530},{\"@type\":\"BreadcrumbList\",\"@id\":\"https:\\\/\\\/www.co-nect.fr\\\/catalogue-mobilier\\\/mobilier-lumineux\\\/table-step-noire-hauteur-72\\\/#breadcrumb\",\"itemListElement\":[{\"@type\":\"ListItem\",\"position\":1,\"name\":\"Accueil\",\"item\":\"https:\\\/\\\/www.co-nect.fr\\\/en\\\/\"},{\"@type\":\"ListItem\",\"position\":2,\"name\":\"Furniture catalog\",\"item\":\"https:\\\/\\\/www.co-nect.fr\\\/catalogue-mobilier\\\/\"},{\"@type\":\"ListItem\",\"position\":3,\"name\":\"Step Table (Height 72)\"}]},{\"@type\":\"WebSite\",\"@id\":\"https:\\\/\\\/www.co-nect.fr\\\/#website\",\"url\":\"https:\\\/\\\/www.co-nect.fr\\\/\",\"name\":\"Co-nect\",\"description\":\"Ma\u00eetre en \u00e9v\u00e9nements\",\"publisher\":{\"@id\":\"https:\\\/\\\/www.co-nect.fr\\\/#organization\"},\"potentialAction\":[{\"@type\":\"SearchAction\",\"target\":{\"@type\":\"EntryPoint\",\"urlTemplate\":\"https:\\\/\\\/www.co-nect.fr\\\/?s={search_term_string}\"},\"query-input\":{\"@type\":\"PropertyValueSpecification\",\"valueRequired\":true,\"valueName\":\"search_term_string\"}}],\"inLanguage\":\"en-US\"},{\"@type\":\"Organization\",\"@id\":\"https:\\\/\\\/www.co-nect.fr\\\/#organization\",\"name\":\"Les Ortigues\",\"url\":\"https:\\\/\\\/www.co-nect.fr\\\/\",\"logo\":{\"@type\":\"ImageObject\",\"inLanguage\":\"en-US\",\"@id\":\"https:\\\/\\\/www.co-nect.fr\\\/#\\\/schema\\\/logo\\\/image\\\/\",\"url\":\"\",\"contentUrl\":\"\",\"caption\":\"Les Ortigues\"},\"image\":{\"@id\":\"https:\\\/\\\/www.co-nect.fr\\\/#\\\/schema\\\/logo\\\/image\\\/\"}}]}<\/script>\n<!-- \/ Yoast SEO plugin. -->","yoast_head_json":{"title":"Step Table (Height 72)","description":"Location de Step Table (Height 72) pour vos \u00e9v\u00e9nements | Co-nect","robots":{"index":"index","follow":"follow","max-snippet":"max-snippet:-1","max-image-preview":"max-image-preview:large","max-video-preview":"max-video-preview:-1"},"canonical":"https:\/\/www.co-nect.fr\/catalogue-mobilier\/mobilier-lumineux\/table-step-noire-hauteur-72\/","og_locale":"en_US","og_type":"article","og_title":"Step Table (Height 72)","og_description":"Location de Step Table (Height 72) pour vos \u00e9v\u00e9nements | Co-nect","og_url":"https:\/\/www.co-nect.fr\/catalogue-mobilier\/mobilier-lumineux\/table-step-noire-hauteur-72\/","og_site_name":"Co-nect","article_modified_time":"2024-01-18T11:42:46+00:00","og_image":[{"width":448,"height":530,"url":"https:\/\/www.co-nect.fr\/wp-content\/uploads\/2024\/01\/tab79-table-step-noire-h72.webp","type":"image\/webp"}],"twitter_card":"summary_large_image","schema":{"@context":"https:\/\/schema.org","@graph":[{"@type":"WebPage","@id":"https:\/\/www.co-nect.fr\/catalogue-mobilier\/mobilier-lumineux\/table-step-noire-hauteur-72\/","url":"https:\/\/www.co-nect.fr\/catalogue-mobilier\/mobilier-lumineux\/table-step-noire-hauteur-72\/","name":"Step Table (Height 72)","isPartOf":{"@id":"https:\/\/www.co-nect.fr\/#website"},"primaryImageOfPage":{"@id":"https:\/\/www.co-nect.fr\/catalogue-mobilier\/mobilier-lumineux\/table-step-noire-hauteur-72\/#primaryimage"},"image":{"@id":"https:\/\/www.co-nect.fr\/catalogue-mobilier\/mobilier-lumineux\/table-step-noire-hauteur-72\/#primaryimage"},"thumbnailUrl":"https:\/\/www.co-nect.fr\/wp-content\/uploads\/2024\/01\/tab79-table-step-noire-h72.webp","datePublished":"2024-01-10T09:17:42+00:00","dateModified":"2024-01-18T11:42:46+00:00","description":"Location de Step Table (Height 72) pour vos \u00e9v\u00e9nements | Co-nect","breadcrumb":{"@id":"https:\/\/www.co-nect.fr\/catalogue-mobilier\/mobilier-lumineux\/table-step-noire-hauteur-72\/#breadcrumb"},"inLanguage":"en-US","potentialAction":[{"@type":"ReadAction","target":["https:\/\/www.co-nect.fr\/catalogue-mobilier\/mobilier-lumineux\/table-step-noire-hauteur-72\/"]}]},{"@type":"ImageObject","inLanguage":"en-US","@id":"https:\/\/www.co-nect.fr\/catalogue-mobilier\/mobilier-lumineux\/table-step-noire-hauteur-72\/#primaryimage","url":"https:\/\/www.co-nect.fr\/wp-content\/uploads\/2024\/01\/tab79-table-step-noire-h72.webp","contentUrl":"https:\/\/www.co-nect.fr\/wp-content\/uploads\/2024\/01\/tab79-table-step-noire-h72.webp","width":448,"height":530},{"@type":"BreadcrumbList","@id":"https:\/\/www.co-nect.fr\/catalogue-mobilier\/mobilier-lumineux\/table-step-noire-hauteur-72\/#breadcrumb","itemListElement":[{"@type":"ListItem","position":1,"name":"Accueil","item":"https:\/\/www.co-nect.fr\/en\/"},{"@type":"ListItem","position":2,"name":"Furniture catalog","item":"https:\/\/www.co-nect.fr\/catalogue-mobilier\/"},{"@type":"ListItem","position":3,"name":"Step Table (Height 72)"}]},{"@type":"WebSite","@id":"https:\/\/www.co-nect.fr\/#website","url":"https:\/\/www.co-nect.fr\/","name":"Co-nect","description":"Ma\u00eetre en \u00e9v\u00e9nements","publisher":{"@id":"https:\/\/www.co-nect.fr\/#organization"},"potentialAction":[{"@type":"SearchAction","target":{"@type":"EntryPoint","urlTemplate":"https:\/\/www.co-nect.fr\/?s={search_term_string}"},"query-input":{"@type":"PropertyValueSpecification","valueRequired":true,"valueName":"search_term_string"}}],"inLanguage":"en-US"},{"@type":"Organization","@id":"https:\/\/www.co-nect.fr\/#organization","name":"Les Ortigues","url":"https:\/\/www.co-nect.fr\/","logo":{"@type":"ImageObject","inLanguage":"en-US","@id":"https:\/\/www.co-nect.fr\/#\/schema\/logo\/image\/","url":"","contentUrl":"","caption":"Les Ortigues"},"image":{"@id":"https:\/\/www.co-nect.fr\/#\/schema\/logo\/image\/"}}]}},"_links":{"self":[{"href":"https:\/\/www.co-nect.fr\/en\/wp-json\/wp\/v2\/product\/13947","targetHints":{"allow":["GET"]}}],"collection":[{"href":"https:\/\/www.co-nect.fr\/en\/wp-json\/wp\/v2\/product"}],"about":[{"href":"https:\/\/www.co-nect.fr\/en\/wp-json\/wp\/v2\/types\/product"}],"wp:featuredmedia":[{"embeddable":true,"href":"https:\/\/www.co-nect.fr\/en\/wp-json\/wp\/v2\/media\/13882"}],"wp:attachment":[{"href":"https:\/\/www.co-nect.fr\/en\/wp-json\/wp\/v2\/media?parent=13947"}],"wp:term":[{"taxonomy":"product_brand","embeddable":true,"href":"https:\/\/www.co-nect.fr\/en\/wp-json\/wp\/v2\/product_brand?post=13947"},{"taxonomy":"product_cat","embeddable":true,"href":"https:\/\/www.co-nect.fr\/en\/wp-json\/wp\/v2\/product_cat?post=13947"},{"taxonomy":"product_tag","embeddable":true,"href":"https:\/\/www.co-nect.fr\/en\/wp-json\/wp\/v2\/product_tag?post=13947"}],"curies":[{"name":"wp","href":"https:\/\/api.w.org\/{rel}","templated":true}]}}