{"id":13927,"date":"2022-05-03T09:35:11","date_gmt":"2022-05-03T07:35:11","guid":{"rendered":"https:\/\/www.co-nect.fr\/?post_type=product&#038;p=13927"},"modified":"2024-01-18T10:16:08","modified_gmt":"2024-01-18T09:16:08","slug":"toy-armchairs","status":"publish","type":"product","link":"https:\/\/www.co-nect.fr\/en\/catalogue-mobilier\/chairs-armchairs-stools\/toy-armchairs\/","title":{"rendered":"Toy Armchairs"},"content":{"rendered":"","protected":false},"excerpt":{"rendered":"<ul>\r\n \t<li>Dimensions (P \/ l \/ H ) : 58 x 62 x 78<\/li>\r\n \t<li>Seat height : 43 cm<\/li>\r\n \t<li>Plastic<\/li>\r\n \t<li>Stackable<\/li>\r\n \t<li>White (R\u00e9f : FA2)<\/li>\r\n<\/ul>","protected":false},"featured_media":13929,"template":"","meta":{"_seopress_robots_primary_cat":"","_seopress_titles_title":"","_seopress_titles_desc":"","_seopress_robots_index":""},"product_brand":[],"product_cat":[78],"product_tag":[],"class_list":{"0":"post-13927","1":"product","2":"type-product","3":"status-publish","4":"has-post-thumbnail","6":"product_cat-chairs-armchairs-stools","8":"first","9":"instock","10":"taxable","11":"shipping-taxable","12":"purchasable","13":"product-type-simple"},"yoast_head":"<!-- This site is optimized with the Yoast SEO plugin v27.3 - https:\/\/yoast.com\/product\/yoast-seo-wordpress\/ -->\n<title>Toy Armchairs<\/title>\n<meta name=\"description\" content=\"Location de Toy Armchairs pour vos \u00e9v\u00e9nements | Co-nect\" \/>\n<meta name=\"robots\" content=\"index, follow, max-snippet:-1, max-image-preview:large, max-video-preview:-1\" \/>\n<link rel=\"canonical\" href=\"https:\/\/www.co-nect.fr\/catalogue-mobilier\/chaises-fauteuils-tabourets\/fauteuil-toy-blanc\/\" \/>\n<meta property=\"og:locale\" content=\"en_US\" \/>\n<meta property=\"og:type\" content=\"article\" \/>\n<meta property=\"og:title\" content=\"Toy Armchairs\" \/>\n<meta property=\"og:description\" content=\"Location de Toy Armchairs pour vos \u00e9v\u00e9nements | Co-nect\" \/>\n<meta property=\"og:url\" content=\"https:\/\/www.co-nect.fr\/catalogue-mobilier\/chaises-fauteuils-tabourets\/fauteuil-toy-blanc\/\" \/>\n<meta property=\"og:site_name\" content=\"Co-nect\" \/>\n<meta property=\"article:modified_time\" content=\"2024-01-18T09:16:08+00:00\" \/>\n<meta property=\"og:image\" content=\"https:\/\/www.co-nect.fr\/wp-content\/uploads\/2022\/05\/fa-2-1.jpg\" \/>\n\t<meta property=\"og:image:width\" content=\"573\" \/>\n\t<meta property=\"og:image:height\" content=\"627\" \/>\n\t<meta property=\"og:image:type\" content=\"image\/jpeg\" \/>\n<meta name=\"twitter:card\" content=\"summary_large_image\" \/>\n<script type=\"application\/ld+json\" class=\"yoast-schema-graph\">{\"@context\":\"https:\\\/\\\/schema.org\",\"@graph\":[{\"@type\":\"WebPage\",\"@id\":\"https:\\\/\\\/www.co-nect.fr\\\/catalogue-mobilier\\\/chaises-fauteuils-tabourets\\\/fauteuil-toy-blanc\\\/\",\"url\":\"https:\\\/\\\/www.co-nect.fr\\\/catalogue-mobilier\\\/chaises-fauteuils-tabourets\\\/fauteuil-toy-blanc\\\/\",\"name\":\"Toy Armchairs\",\"isPartOf\":{\"@id\":\"https:\\\/\\\/www.co-nect.fr\\\/#website\"},\"primaryImageOfPage\":{\"@id\":\"https:\\\/\\\/www.co-nect.fr\\\/catalogue-mobilier\\\/chaises-fauteuils-tabourets\\\/fauteuil-toy-blanc\\\/#primaryimage\"},\"image\":{\"@id\":\"https:\\\/\\\/www.co-nect.fr\\\/catalogue-mobilier\\\/chaises-fauteuils-tabourets\\\/fauteuil-toy-blanc\\\/#primaryimage\"},\"thumbnailUrl\":\"https:\\\/\\\/www.co-nect.fr\\\/wp-content\\\/uploads\\\/2022\\\/05\\\/fa-2-1.jpg\",\"datePublished\":\"2022-05-03T07:35:11+00:00\",\"dateModified\":\"2024-01-18T09:16:08+00:00\",\"description\":\"Location de Toy Armchairs pour vos \u00e9v\u00e9nements | Co-nect\",\"breadcrumb\":{\"@id\":\"https:\\\/\\\/www.co-nect.fr\\\/catalogue-mobilier\\\/chaises-fauteuils-tabourets\\\/fauteuil-toy-blanc\\\/#breadcrumb\"},\"inLanguage\":\"en-US\",\"potentialAction\":[{\"@type\":\"ReadAction\",\"target\":[\"https:\\\/\\\/www.co-nect.fr\\\/catalogue-mobilier\\\/chaises-fauteuils-tabourets\\\/fauteuil-toy-blanc\\\/\"]}]},{\"@type\":\"ImageObject\",\"inLanguage\":\"en-US\",\"@id\":\"https:\\\/\\\/www.co-nect.fr\\\/catalogue-mobilier\\\/chaises-fauteuils-tabourets\\\/fauteuil-toy-blanc\\\/#primaryimage\",\"url\":\"https:\\\/\\\/www.co-nect.fr\\\/wp-content\\\/uploads\\\/2022\\\/05\\\/fa-2-1.jpg\",\"contentUrl\":\"https:\\\/\\\/www.co-nect.fr\\\/wp-content\\\/uploads\\\/2022\\\/05\\\/fa-2-1.jpg\",\"width\":573,\"height\":627,\"caption\":\"Fa 2\"},{\"@type\":\"BreadcrumbList\",\"@id\":\"https:\\\/\\\/www.co-nect.fr\\\/catalogue-mobilier\\\/chaises-fauteuils-tabourets\\\/fauteuil-toy-blanc\\\/#breadcrumb\",\"itemListElement\":[{\"@type\":\"ListItem\",\"position\":1,\"name\":\"Accueil\",\"item\":\"https:\\\/\\\/www.co-nect.fr\\\/en\\\/\"},{\"@type\":\"ListItem\",\"position\":2,\"name\":\"Furniture catalog\",\"item\":\"https:\\\/\\\/www.co-nect.fr\\\/catalogue-mobilier\\\/\"},{\"@type\":\"ListItem\",\"position\":3,\"name\":\"Toy Armchairs\"}]},{\"@type\":\"WebSite\",\"@id\":\"https:\\\/\\\/www.co-nect.fr\\\/#website\",\"url\":\"https:\\\/\\\/www.co-nect.fr\\\/\",\"name\":\"Co-nect\",\"description\":\"Ma\u00eetre en \u00e9v\u00e9nements\",\"publisher\":{\"@id\":\"https:\\\/\\\/www.co-nect.fr\\\/#organization\"},\"potentialAction\":[{\"@type\":\"SearchAction\",\"target\":{\"@type\":\"EntryPoint\",\"urlTemplate\":\"https:\\\/\\\/www.co-nect.fr\\\/?s={search_term_string}\"},\"query-input\":{\"@type\":\"PropertyValueSpecification\",\"valueRequired\":true,\"valueName\":\"search_term_string\"}}],\"inLanguage\":\"en-US\"},{\"@type\":\"Organization\",\"@id\":\"https:\\\/\\\/www.co-nect.fr\\\/#organization\",\"name\":\"Les Ortigues\",\"url\":\"https:\\\/\\\/www.co-nect.fr\\\/\",\"logo\":{\"@type\":\"ImageObject\",\"inLanguage\":\"en-US\",\"@id\":\"https:\\\/\\\/www.co-nect.fr\\\/#\\\/schema\\\/logo\\\/image\\\/\",\"url\":\"\",\"contentUrl\":\"\",\"caption\":\"Les Ortigues\"},\"image\":{\"@id\":\"https:\\\/\\\/www.co-nect.fr\\\/#\\\/schema\\\/logo\\\/image\\\/\"}}]}<\/script>\n<!-- \/ Yoast SEO plugin. -->","yoast_head_json":{"title":"Toy Armchairs","description":"Location de Toy Armchairs pour vos \u00e9v\u00e9nements | Co-nect","robots":{"index":"index","follow":"follow","max-snippet":"max-snippet:-1","max-image-preview":"max-image-preview:large","max-video-preview":"max-video-preview:-1"},"canonical":"https:\/\/www.co-nect.fr\/catalogue-mobilier\/chaises-fauteuils-tabourets\/fauteuil-toy-blanc\/","og_locale":"en_US","og_type":"article","og_title":"Toy Armchairs","og_description":"Location de Toy Armchairs pour vos \u00e9v\u00e9nements | Co-nect","og_url":"https:\/\/www.co-nect.fr\/catalogue-mobilier\/chaises-fauteuils-tabourets\/fauteuil-toy-blanc\/","og_site_name":"Co-nect","article_modified_time":"2024-01-18T09:16:08+00:00","og_image":[{"width":573,"height":627,"url":"https:\/\/www.co-nect.fr\/wp-content\/uploads\/2022\/05\/fa-2-1.jpg","type":"image\/jpeg"}],"twitter_card":"summary_large_image","schema":{"@context":"https:\/\/schema.org","@graph":[{"@type":"WebPage","@id":"https:\/\/www.co-nect.fr\/catalogue-mobilier\/chaises-fauteuils-tabourets\/fauteuil-toy-blanc\/","url":"https:\/\/www.co-nect.fr\/catalogue-mobilier\/chaises-fauteuils-tabourets\/fauteuil-toy-blanc\/","name":"Toy Armchairs","isPartOf":{"@id":"https:\/\/www.co-nect.fr\/#website"},"primaryImageOfPage":{"@id":"https:\/\/www.co-nect.fr\/catalogue-mobilier\/chaises-fauteuils-tabourets\/fauteuil-toy-blanc\/#primaryimage"},"image":{"@id":"https:\/\/www.co-nect.fr\/catalogue-mobilier\/chaises-fauteuils-tabourets\/fauteuil-toy-blanc\/#primaryimage"},"thumbnailUrl":"https:\/\/www.co-nect.fr\/wp-content\/uploads\/2022\/05\/fa-2-1.jpg","datePublished":"2022-05-03T07:35:11+00:00","dateModified":"2024-01-18T09:16:08+00:00","description":"Location de Toy Armchairs pour vos \u00e9v\u00e9nements | Co-nect","breadcrumb":{"@id":"https:\/\/www.co-nect.fr\/catalogue-mobilier\/chaises-fauteuils-tabourets\/fauteuil-toy-blanc\/#breadcrumb"},"inLanguage":"en-US","potentialAction":[{"@type":"ReadAction","target":["https:\/\/www.co-nect.fr\/catalogue-mobilier\/chaises-fauteuils-tabourets\/fauteuil-toy-blanc\/"]}]},{"@type":"ImageObject","inLanguage":"en-US","@id":"https:\/\/www.co-nect.fr\/catalogue-mobilier\/chaises-fauteuils-tabourets\/fauteuil-toy-blanc\/#primaryimage","url":"https:\/\/www.co-nect.fr\/wp-content\/uploads\/2022\/05\/fa-2-1.jpg","contentUrl":"https:\/\/www.co-nect.fr\/wp-content\/uploads\/2022\/05\/fa-2-1.jpg","width":573,"height":627,"caption":"Fa 2"},{"@type":"BreadcrumbList","@id":"https:\/\/www.co-nect.fr\/catalogue-mobilier\/chaises-fauteuils-tabourets\/fauteuil-toy-blanc\/#breadcrumb","itemListElement":[{"@type":"ListItem","position":1,"name":"Accueil","item":"https:\/\/www.co-nect.fr\/en\/"},{"@type":"ListItem","position":2,"name":"Furniture catalog","item":"https:\/\/www.co-nect.fr\/catalogue-mobilier\/"},{"@type":"ListItem","position":3,"name":"Toy Armchairs"}]},{"@type":"WebSite","@id":"https:\/\/www.co-nect.fr\/#website","url":"https:\/\/www.co-nect.fr\/","name":"Co-nect","description":"Ma\u00eetre en \u00e9v\u00e9nements","publisher":{"@id":"https:\/\/www.co-nect.fr\/#organization"},"potentialAction":[{"@type":"SearchAction","target":{"@type":"EntryPoint","urlTemplate":"https:\/\/www.co-nect.fr\/?s={search_term_string}"},"query-input":{"@type":"PropertyValueSpecification","valueRequired":true,"valueName":"search_term_string"}}],"inLanguage":"en-US"},{"@type":"Organization","@id":"https:\/\/www.co-nect.fr\/#organization","name":"Les Ortigues","url":"https:\/\/www.co-nect.fr\/","logo":{"@type":"ImageObject","inLanguage":"en-US","@id":"https:\/\/www.co-nect.fr\/#\/schema\/logo\/image\/","url":"","contentUrl":"","caption":"Les Ortigues"},"image":{"@id":"https:\/\/www.co-nect.fr\/#\/schema\/logo\/image\/"}}]}},"_links":{"self":[{"href":"https:\/\/www.co-nect.fr\/en\/wp-json\/wp\/v2\/product\/13927","targetHints":{"allow":["GET"]}}],"collection":[{"href":"https:\/\/www.co-nect.fr\/en\/wp-json\/wp\/v2\/product"}],"about":[{"href":"https:\/\/www.co-nect.fr\/en\/wp-json\/wp\/v2\/types\/product"}],"wp:featuredmedia":[{"embeddable":true,"href":"https:\/\/www.co-nect.fr\/en\/wp-json\/wp\/v2\/media\/13929"}],"wp:attachment":[{"href":"https:\/\/www.co-nect.fr\/en\/wp-json\/wp\/v2\/media?parent=13927"}],"wp:term":[{"taxonomy":"product_brand","embeddable":true,"href":"https:\/\/www.co-nect.fr\/en\/wp-json\/wp\/v2\/product_brand?post=13927"},{"taxonomy":"product_cat","embeddable":true,"href":"https:\/\/www.co-nect.fr\/en\/wp-json\/wp\/v2\/product_cat?post=13927"},{"taxonomy":"product_tag","embeddable":true,"href":"https:\/\/www.co-nect.fr\/en\/wp-json\/wp\/v2\/product_tag?post=13927"}],"curies":[{"name":"wp","href":"https:\/\/api.w.org\/{rel}","templated":true}]}}