{"id":10113,"date":"2022-05-03T10:05:58","date_gmt":"2022-05-03T08:05:58","guid":{"rendered":"https:\/\/www.co-nect.fr\/?post_type=product&#038;p=10113"},"modified":"2023-12-06T15:12:31","modified_gmt":"2023-12-06T14:12:31","slug":"orange-tolix-bar-stool","status":"publish","type":"product","link":"https:\/\/www.co-nect.fr\/en\/catalogue-mobilier\/chairs-armchairs-stools\/orange-tolix-bar-stool\/","title":{"rendered":"Orange Tolix bar stool"},"content":{"rendered":"","protected":false},"excerpt":{"rendered":"<ul>\r\n \t<li>Dimensions (W\/D\/H) : 43 x 43 x 76<\/li>\r\n \t<li>Colour : Orange<\/li>\r\n \t<li>Material : Metal<\/li>\r\n \t<li>REF TA38<\/li>\r\n<\/ul>","protected":false},"featured_media":10685,"template":"","meta":{"_seopress_robots_primary_cat":"none","_seopress_titles_title":"Orange Tolix bar stool","_seopress_titles_desc":"Orange Tolix bar stool rental for your event |CO-NECT","_seopress_robots_index":""},"product_brand":[],"product_cat":[78],"product_tag":[],"class_list":{"0":"post-10113","1":"product","2":"type-product","3":"status-publish","4":"has-post-thumbnail","6":"product_cat-chairs-armchairs-stools","8":"first","9":"instock","10":"taxable","11":"shipping-taxable","12":"purchasable","13":"product-type-simple"},"yoast_head":"<!-- This site is optimized with the Yoast SEO plugin v27.3 - https:\/\/yoast.com\/product\/yoast-seo-wordpress\/ -->\n<title>Orange Tolix bar stool<\/title>\n<meta name=\"description\" content=\"Location de Orange Tolix bar stool pour vos \u00e9v\u00e9nements | Co-nect\" \/>\n<meta name=\"robots\" content=\"index, follow, max-snippet:-1, max-image-preview:large, max-video-preview:-1\" \/>\n<link rel=\"canonical\" href=\"https:\/\/www.co-nect.fr\/catalogue-mobilier\/chaises-fauteuils-tabourets\/tabouret-tolix-orange\/\" \/>\n<meta property=\"og:locale\" content=\"en_US\" \/>\n<meta property=\"og:type\" content=\"article\" \/>\n<meta property=\"og:title\" content=\"Orange Tolix bar stool\" \/>\n<meta property=\"og:description\" content=\"Location de Orange Tolix bar stool pour vos \u00e9v\u00e9nements | Co-nect\" \/>\n<meta property=\"og:url\" content=\"https:\/\/www.co-nect.fr\/catalogue-mobilier\/chaises-fauteuils-tabourets\/tabouret-tolix-orange\/\" \/>\n<meta property=\"og:site_name\" content=\"Co-nect\" \/>\n<meta property=\"article:modified_time\" content=\"2023-12-06T14:12:31+00:00\" \/>\n<meta property=\"og:image\" content=\"https:\/\/www.co-nect.fr\/wp-content\/uploads\/2022\/04\/ta38.jpg\" \/>\n\t<meta property=\"og:image:width\" content=\"500\" \/>\n\t<meta property=\"og:image:height\" content=\"500\" \/>\n\t<meta property=\"og:image:type\" content=\"image\/jpeg\" \/>\n<meta name=\"twitter:card\" content=\"summary_large_image\" \/>\n<script type=\"application\/ld+json\" class=\"yoast-schema-graph\">{\"@context\":\"https:\\\/\\\/schema.org\",\"@graph\":[{\"@type\":\"WebPage\",\"@id\":\"https:\\\/\\\/www.co-nect.fr\\\/catalogue-mobilier\\\/chaises-fauteuils-tabourets\\\/tabouret-tolix-orange\\\/\",\"url\":\"https:\\\/\\\/www.co-nect.fr\\\/catalogue-mobilier\\\/chaises-fauteuils-tabourets\\\/tabouret-tolix-orange\\\/\",\"name\":\"Orange Tolix bar stool\",\"isPartOf\":{\"@id\":\"https:\\\/\\\/www.co-nect.fr\\\/#website\"},\"primaryImageOfPage\":{\"@id\":\"https:\\\/\\\/www.co-nect.fr\\\/catalogue-mobilier\\\/chaises-fauteuils-tabourets\\\/tabouret-tolix-orange\\\/#primaryimage\"},\"image\":{\"@id\":\"https:\\\/\\\/www.co-nect.fr\\\/catalogue-mobilier\\\/chaises-fauteuils-tabourets\\\/tabouret-tolix-orange\\\/#primaryimage\"},\"thumbnailUrl\":\"https:\\\/\\\/www.co-nect.fr\\\/wp-content\\\/uploads\\\/2022\\\/04\\\/ta38.jpg\",\"datePublished\":\"2022-05-03T08:05:58+00:00\",\"dateModified\":\"2023-12-06T14:12:31+00:00\",\"description\":\"Location de Orange Tolix bar stool pour vos \u00e9v\u00e9nements | Co-nect\",\"breadcrumb\":{\"@id\":\"https:\\\/\\\/www.co-nect.fr\\\/catalogue-mobilier\\\/chaises-fauteuils-tabourets\\\/tabouret-tolix-orange\\\/#breadcrumb\"},\"inLanguage\":\"en-US\",\"potentialAction\":[{\"@type\":\"ReadAction\",\"target\":[\"https:\\\/\\\/www.co-nect.fr\\\/catalogue-mobilier\\\/chaises-fauteuils-tabourets\\\/tabouret-tolix-orange\\\/\"]}]},{\"@type\":\"ImageObject\",\"inLanguage\":\"en-US\",\"@id\":\"https:\\\/\\\/www.co-nect.fr\\\/catalogue-mobilier\\\/chaises-fauteuils-tabourets\\\/tabouret-tolix-orange\\\/#primaryimage\",\"url\":\"https:\\\/\\\/www.co-nect.fr\\\/wp-content\\\/uploads\\\/2022\\\/04\\\/ta38.jpg\",\"contentUrl\":\"https:\\\/\\\/www.co-nect.fr\\\/wp-content\\\/uploads\\\/2022\\\/04\\\/ta38.jpg\",\"width\":500,\"height\":500,\"caption\":\"ta38-orange-metal-stool\"},{\"@type\":\"BreadcrumbList\",\"@id\":\"https:\\\/\\\/www.co-nect.fr\\\/catalogue-mobilier\\\/chaises-fauteuils-tabourets\\\/tabouret-tolix-orange\\\/#breadcrumb\",\"itemListElement\":[{\"@type\":\"ListItem\",\"position\":1,\"name\":\"Accueil\",\"item\":\"https:\\\/\\\/www.co-nect.fr\\\/en\\\/\"},{\"@type\":\"ListItem\",\"position\":2,\"name\":\"Furniture catalog\",\"item\":\"https:\\\/\\\/www.co-nect.fr\\\/catalogue-mobilier\\\/\"},{\"@type\":\"ListItem\",\"position\":3,\"name\":\"Orange Tolix bar stool\"}]},{\"@type\":\"WebSite\",\"@id\":\"https:\\\/\\\/www.co-nect.fr\\\/#website\",\"url\":\"https:\\\/\\\/www.co-nect.fr\\\/\",\"name\":\"Co-nect\",\"description\":\"Ma\u00eetre en \u00e9v\u00e9nements\",\"publisher\":{\"@id\":\"https:\\\/\\\/www.co-nect.fr\\\/#organization\"},\"potentialAction\":[{\"@type\":\"SearchAction\",\"target\":{\"@type\":\"EntryPoint\",\"urlTemplate\":\"https:\\\/\\\/www.co-nect.fr\\\/?s={search_term_string}\"},\"query-input\":{\"@type\":\"PropertyValueSpecification\",\"valueRequired\":true,\"valueName\":\"search_term_string\"}}],\"inLanguage\":\"en-US\"},{\"@type\":\"Organization\",\"@id\":\"https:\\\/\\\/www.co-nect.fr\\\/#organization\",\"name\":\"Les Ortigues\",\"url\":\"https:\\\/\\\/www.co-nect.fr\\\/\",\"logo\":{\"@type\":\"ImageObject\",\"inLanguage\":\"en-US\",\"@id\":\"https:\\\/\\\/www.co-nect.fr\\\/#\\\/schema\\\/logo\\\/image\\\/\",\"url\":\"\",\"contentUrl\":\"\",\"caption\":\"Les Ortigues\"},\"image\":{\"@id\":\"https:\\\/\\\/www.co-nect.fr\\\/#\\\/schema\\\/logo\\\/image\\\/\"}}]}<\/script>\n<!-- \/ Yoast SEO plugin. -->","yoast_head_json":{"title":"Orange Tolix bar stool","description":"Location de Orange Tolix bar stool pour vos \u00e9v\u00e9nements | Co-nect","robots":{"index":"index","follow":"follow","max-snippet":"max-snippet:-1","max-image-preview":"max-image-preview:large","max-video-preview":"max-video-preview:-1"},"canonical":"https:\/\/www.co-nect.fr\/catalogue-mobilier\/chaises-fauteuils-tabourets\/tabouret-tolix-orange\/","og_locale":"en_US","og_type":"article","og_title":"Orange Tolix bar stool","og_description":"Location de Orange Tolix bar stool pour vos \u00e9v\u00e9nements | Co-nect","og_url":"https:\/\/www.co-nect.fr\/catalogue-mobilier\/chaises-fauteuils-tabourets\/tabouret-tolix-orange\/","og_site_name":"Co-nect","article_modified_time":"2023-12-06T14:12:31+00:00","og_image":[{"width":500,"height":500,"url":"https:\/\/www.co-nect.fr\/wp-content\/uploads\/2022\/04\/ta38.jpg","type":"image\/jpeg"}],"twitter_card":"summary_large_image","schema":{"@context":"https:\/\/schema.org","@graph":[{"@type":"WebPage","@id":"https:\/\/www.co-nect.fr\/catalogue-mobilier\/chaises-fauteuils-tabourets\/tabouret-tolix-orange\/","url":"https:\/\/www.co-nect.fr\/catalogue-mobilier\/chaises-fauteuils-tabourets\/tabouret-tolix-orange\/","name":"Orange Tolix bar stool","isPartOf":{"@id":"https:\/\/www.co-nect.fr\/#website"},"primaryImageOfPage":{"@id":"https:\/\/www.co-nect.fr\/catalogue-mobilier\/chaises-fauteuils-tabourets\/tabouret-tolix-orange\/#primaryimage"},"image":{"@id":"https:\/\/www.co-nect.fr\/catalogue-mobilier\/chaises-fauteuils-tabourets\/tabouret-tolix-orange\/#primaryimage"},"thumbnailUrl":"https:\/\/www.co-nect.fr\/wp-content\/uploads\/2022\/04\/ta38.jpg","datePublished":"2022-05-03T08:05:58+00:00","dateModified":"2023-12-06T14:12:31+00:00","description":"Location de Orange Tolix bar stool pour vos \u00e9v\u00e9nements | Co-nect","breadcrumb":{"@id":"https:\/\/www.co-nect.fr\/catalogue-mobilier\/chaises-fauteuils-tabourets\/tabouret-tolix-orange\/#breadcrumb"},"inLanguage":"en-US","potentialAction":[{"@type":"ReadAction","target":["https:\/\/www.co-nect.fr\/catalogue-mobilier\/chaises-fauteuils-tabourets\/tabouret-tolix-orange\/"]}]},{"@type":"ImageObject","inLanguage":"en-US","@id":"https:\/\/www.co-nect.fr\/catalogue-mobilier\/chaises-fauteuils-tabourets\/tabouret-tolix-orange\/#primaryimage","url":"https:\/\/www.co-nect.fr\/wp-content\/uploads\/2022\/04\/ta38.jpg","contentUrl":"https:\/\/www.co-nect.fr\/wp-content\/uploads\/2022\/04\/ta38.jpg","width":500,"height":500,"caption":"ta38-orange-metal-stool"},{"@type":"BreadcrumbList","@id":"https:\/\/www.co-nect.fr\/catalogue-mobilier\/chaises-fauteuils-tabourets\/tabouret-tolix-orange\/#breadcrumb","itemListElement":[{"@type":"ListItem","position":1,"name":"Accueil","item":"https:\/\/www.co-nect.fr\/en\/"},{"@type":"ListItem","position":2,"name":"Furniture catalog","item":"https:\/\/www.co-nect.fr\/catalogue-mobilier\/"},{"@type":"ListItem","position":3,"name":"Orange Tolix bar stool"}]},{"@type":"WebSite","@id":"https:\/\/www.co-nect.fr\/#website","url":"https:\/\/www.co-nect.fr\/","name":"Co-nect","description":"Ma\u00eetre en \u00e9v\u00e9nements","publisher":{"@id":"https:\/\/www.co-nect.fr\/#organization"},"potentialAction":[{"@type":"SearchAction","target":{"@type":"EntryPoint","urlTemplate":"https:\/\/www.co-nect.fr\/?s={search_term_string}"},"query-input":{"@type":"PropertyValueSpecification","valueRequired":true,"valueName":"search_term_string"}}],"inLanguage":"en-US"},{"@type":"Organization","@id":"https:\/\/www.co-nect.fr\/#organization","name":"Les Ortigues","url":"https:\/\/www.co-nect.fr\/","logo":{"@type":"ImageObject","inLanguage":"en-US","@id":"https:\/\/www.co-nect.fr\/#\/schema\/logo\/image\/","url":"","contentUrl":"","caption":"Les Ortigues"},"image":{"@id":"https:\/\/www.co-nect.fr\/#\/schema\/logo\/image\/"}}]}},"_links":{"self":[{"href":"https:\/\/www.co-nect.fr\/en\/wp-json\/wp\/v2\/product\/10113","targetHints":{"allow":["GET"]}}],"collection":[{"href":"https:\/\/www.co-nect.fr\/en\/wp-json\/wp\/v2\/product"}],"about":[{"href":"https:\/\/www.co-nect.fr\/en\/wp-json\/wp\/v2\/types\/product"}],"wp:featuredmedia":[{"embeddable":true,"href":"https:\/\/www.co-nect.fr\/en\/wp-json\/wp\/v2\/media\/10685"}],"wp:attachment":[{"href":"https:\/\/www.co-nect.fr\/en\/wp-json\/wp\/v2\/media?parent=10113"}],"wp:term":[{"taxonomy":"product_brand","embeddable":true,"href":"https:\/\/www.co-nect.fr\/en\/wp-json\/wp\/v2\/product_brand?post=10113"},{"taxonomy":"product_cat","embeddable":true,"href":"https:\/\/www.co-nect.fr\/en\/wp-json\/wp\/v2\/product_cat?post=10113"},{"taxonomy":"product_tag","embeddable":true,"href":"https:\/\/www.co-nect.fr\/en\/wp-json\/wp\/v2\/product_tag?post=10113"}],"curies":[{"name":"wp","href":"https:\/\/api.w.org\/{rel}","templated":true}]}}