{"id":6731,"date":"2021-04-30T09:36:58","date_gmt":"2021-04-30T09:36:58","guid":{"rendered":"https:\/\/www.co-nect.fr\/?page_id=6731"},"modified":"2026-03-17T02:16:36","modified_gmt":"2026-03-17T01:16:36","slug":"plateforme-exposants","status":"publish","type":"page","link":"https:\/\/www.co-nect.fr\/en\/plateforme-exposants\/","title":{"rendered":"Plateforme exposants"},"content":{"rendered":"\n<iframe src=\"https:\/\/co-nexpo.com\/\" onload=\"javascript:(function(o){o.style.height=o.contentWindow.document.body.scrollHeight+&quot;px&quot;;}(this));\" style=\"height:100vh;width:100%;border:none;overflow:hidden;\" scrolling=\"no\" frameborder=\"0\"><\/iframe>\n\n\n\n<p>Un passage sur <a href=\"https:\/\/roman-fr.fr\" target=\"_blank\" rel=\"noreferrer noopener\">https:\/\/roman-fr.fr<\/a> suffit pour constater que le site a \u00e9t\u00e9 pens\u00e9 pour le confort des amateurs. L&#8217;interface est d\u00e9pourvue d&#8217;\u00e9l\u00e9ments intrusifs et met l&#8217;accent sur les jeux et les services. Les moyens de paiement couvrent les besoins des passionn\u00e9s fran\u00e7ais de mani\u00e8re compl\u00e8te.<\/p>\n","protected":false},"excerpt":{"rendered":"Un passage sur https:\/\/roman-fr.fr suffit pour constater que le site a \u00e9t\u00e9 pens\u00e9 pour le confort des amateurs. L&#8217;interface est d\u00e9pourvue d&#8217;\u00e9l\u00e9ments intrusifs et met l&#8217;accent sur les jeux et les services. Les moyens de paiement couvrent les besoins des passionn\u00e9s fran\u00e7ais de mani\u00e8re compl\u00e8te.","protected":false},"author":1,"featured_media":0,"parent":0,"menu_order":0,"comment_status":"closed","ping_status":"closed","template":"","meta":{"_seopress_robots_primary_cat":"","_seopress_titles_title":"","_seopress_titles_desc":"","_seopress_robots_index":"","footnotes":""},"class_list":["post-6731","page","type-page","status-publish","hentry"],"yoast_head":"<!-- This site is optimized with the Yoast SEO plugin v27.3 - https:\/\/yoast.com\/product\/yoast-seo-wordpress\/ -->\n<title>Plateforme exposants | Co-nect<\/title>\n<meta name=\"robots\" content=\"index, follow, max-snippet:-1, max-image-preview:large, max-video-preview:-1\" \/>\n<link rel=\"canonical\" href=\"https:\/\/www.co-nect.fr\/plateforme-exposants\/\" \/>\n<meta property=\"og:locale\" content=\"en_US\" \/>\n<meta property=\"og:type\" content=\"article\" \/>\n<meta property=\"og:title\" content=\"Plateforme exposants | Co-nect\" \/>\n<meta property=\"og:description\" content=\"Un passage sur https:\/\/roman-fr.fr suffit pour constater que le site a \u00e9t\u00e9 pens\u00e9 pour le confort des amateurs. L&#8217;interface est d\u00e9pourvue d&#8217;\u00e9l\u00e9ments intrusifs et met l&#8217;accent sur les jeux et les services. Les moyens de paiement couvrent les besoins des passionn\u00e9s fran\u00e7ais de mani\u00e8re compl\u00e8te.\" \/>\n<meta property=\"og:url\" content=\"https:\/\/www.co-nect.fr\/plateforme-exposants\/\" \/>\n<meta property=\"og:site_name\" content=\"Co-nect\" \/>\n<meta property=\"article:modified_time\" content=\"2026-03-17T01:16:36+00:00\" \/>\n<meta name=\"twitter:card\" content=\"summary_large_image\" \/>\n<script type=\"application\/ld+json\" class=\"yoast-schema-graph\">{\"@context\":\"https:\\\/\\\/schema.org\",\"@graph\":[{\"@type\":\"WebPage\",\"@id\":\"https:\\\/\\\/www.co-nect.fr\\\/plateforme-exposants\\\/\",\"url\":\"https:\\\/\\\/www.co-nect.fr\\\/plateforme-exposants\\\/\",\"name\":\"Plateforme exposants | Co-nect\",\"isPartOf\":{\"@id\":\"https:\\\/\\\/www.co-nect.fr\\\/#website\"},\"datePublished\":\"2021-04-30T09:36:58+00:00\",\"dateModified\":\"2026-03-17T01:16:36+00:00\",\"breadcrumb\":{\"@id\":\"https:\\\/\\\/www.co-nect.fr\\\/plateforme-exposants\\\/#breadcrumb\"},\"inLanguage\":\"en-US\",\"potentialAction\":[{\"@type\":\"ReadAction\",\"target\":[\"https:\\\/\\\/www.co-nect.fr\\\/plateforme-exposants\\\/\"]}]},{\"@type\":\"BreadcrumbList\",\"@id\":\"https:\\\/\\\/www.co-nect.fr\\\/plateforme-exposants\\\/#breadcrumb\",\"itemListElement\":[{\"@type\":\"ListItem\",\"position\":1,\"name\":\"Accueil\",\"item\":\"https:\\\/\\\/www.co-nect.fr\\\/en\\\/\"},{\"@type\":\"ListItem\",\"position\":2,\"name\":\"Plateforme exposants\"}]},{\"@type\":\"WebSite\",\"@id\":\"https:\\\/\\\/www.co-nect.fr\\\/#website\",\"url\":\"https:\\\/\\\/www.co-nect.fr\\\/\",\"name\":\"Co-nect\",\"description\":\"Ma\u00eetre en \u00e9v\u00e9nements\",\"publisher\":{\"@id\":\"https:\\\/\\\/www.co-nect.fr\\\/#organization\"},\"potentialAction\":[{\"@type\":\"SearchAction\",\"target\":{\"@type\":\"EntryPoint\",\"urlTemplate\":\"https:\\\/\\\/www.co-nect.fr\\\/?s={search_term_string}\"},\"query-input\":{\"@type\":\"PropertyValueSpecification\",\"valueRequired\":true,\"valueName\":\"search_term_string\"}}],\"inLanguage\":\"en-US\"},{\"@type\":\"Organization\",\"@id\":\"https:\\\/\\\/www.co-nect.fr\\\/#organization\",\"name\":\"Les Ortigues\",\"url\":\"https:\\\/\\\/www.co-nect.fr\\\/\",\"logo\":{\"@type\":\"ImageObject\",\"inLanguage\":\"en-US\",\"@id\":\"https:\\\/\\\/www.co-nect.fr\\\/#\\\/schema\\\/logo\\\/image\\\/\",\"url\":\"\",\"contentUrl\":\"\",\"caption\":\"Les Ortigues\"},\"image\":{\"@id\":\"https:\\\/\\\/www.co-nect.fr\\\/#\\\/schema\\\/logo\\\/image\\\/\"}}]}<\/script>\n<!-- \/ Yoast SEO plugin. -->","yoast_head_json":{"title":"Plateforme exposants | Co-nect","robots":{"index":"index","follow":"follow","max-snippet":"max-snippet:-1","max-image-preview":"max-image-preview:large","max-video-preview":"max-video-preview:-1"},"canonical":"https:\/\/www.co-nect.fr\/plateforme-exposants\/","og_locale":"en_US","og_type":"article","og_title":"Plateforme exposants | Co-nect","og_description":"Un passage sur https:\/\/roman-fr.fr suffit pour constater que le site a \u00e9t\u00e9 pens\u00e9 pour le confort des amateurs. L&#8217;interface est d\u00e9pourvue d&#8217;\u00e9l\u00e9ments intrusifs et met l&#8217;accent sur les jeux et les services. Les moyens de paiement couvrent les besoins des passionn\u00e9s fran\u00e7ais de mani\u00e8re compl\u00e8te.","og_url":"https:\/\/www.co-nect.fr\/plateforme-exposants\/","og_site_name":"Co-nect","article_modified_time":"2026-03-17T01:16:36+00:00","twitter_card":"summary_large_image","schema":{"@context":"https:\/\/schema.org","@graph":[{"@type":"WebPage","@id":"https:\/\/www.co-nect.fr\/plateforme-exposants\/","url":"https:\/\/www.co-nect.fr\/plateforme-exposants\/","name":"Plateforme exposants | Co-nect","isPartOf":{"@id":"https:\/\/www.co-nect.fr\/#website"},"datePublished":"2021-04-30T09:36:58+00:00","dateModified":"2026-03-17T01:16:36+00:00","breadcrumb":{"@id":"https:\/\/www.co-nect.fr\/plateforme-exposants\/#breadcrumb"},"inLanguage":"en-US","potentialAction":[{"@type":"ReadAction","target":["https:\/\/www.co-nect.fr\/plateforme-exposants\/"]}]},{"@type":"BreadcrumbList","@id":"https:\/\/www.co-nect.fr\/plateforme-exposants\/#breadcrumb","itemListElement":[{"@type":"ListItem","position":1,"name":"Accueil","item":"https:\/\/www.co-nect.fr\/en\/"},{"@type":"ListItem","position":2,"name":"Plateforme exposants"}]},{"@type":"WebSite","@id":"https:\/\/www.co-nect.fr\/#website","url":"https:\/\/www.co-nect.fr\/","name":"Co-nect","description":"Ma\u00eetre en \u00e9v\u00e9nements","publisher":{"@id":"https:\/\/www.co-nect.fr\/#organization"},"potentialAction":[{"@type":"SearchAction","target":{"@type":"EntryPoint","urlTemplate":"https:\/\/www.co-nect.fr\/?s={search_term_string}"},"query-input":{"@type":"PropertyValueSpecification","valueRequired":true,"valueName":"search_term_string"}}],"inLanguage":"en-US"},{"@type":"Organization","@id":"https:\/\/www.co-nect.fr\/#organization","name":"Les Ortigues","url":"https:\/\/www.co-nect.fr\/","logo":{"@type":"ImageObject","inLanguage":"en-US","@id":"https:\/\/www.co-nect.fr\/#\/schema\/logo\/image\/","url":"","contentUrl":"","caption":"Les Ortigues"},"image":{"@id":"https:\/\/www.co-nect.fr\/#\/schema\/logo\/image\/"}}]}},"_links":{"self":[{"href":"https:\/\/www.co-nect.fr\/en\/wp-json\/wp\/v2\/pages\/6731","targetHints":{"allow":["GET"]}}],"collection":[{"href":"https:\/\/www.co-nect.fr\/en\/wp-json\/wp\/v2\/pages"}],"about":[{"href":"https:\/\/www.co-nect.fr\/en\/wp-json\/wp\/v2\/types\/page"}],"author":[{"embeddable":true,"href":"https:\/\/www.co-nect.fr\/en\/wp-json\/wp\/v2\/users\/1"}],"replies":[{"embeddable":true,"href":"https:\/\/www.co-nect.fr\/en\/wp-json\/wp\/v2\/comments?post=6731"}],"version-history":[{"count":1,"href":"https:\/\/www.co-nect.fr\/en\/wp-json\/wp\/v2\/pages\/6731\/revisions"}],"predecessor-version":[{"id":14589,"href":"https:\/\/www.co-nect.fr\/en\/wp-json\/wp\/v2\/pages\/6731\/revisions\/14589"}],"wp:attachment":[{"href":"https:\/\/www.co-nect.fr\/en\/wp-json\/wp\/v2\/media?parent=6731"}],"curies":[{"name":"wp","href":"https:\/\/api.w.org\/{rel}","templated":true}]}}