{"id":3503,"date":"2020-02-05T10:59:40","date_gmt":"2020-02-05T09:59:40","guid":{"rendered":"https:\/\/www.co-nect.fr\/inscription\/"},"modified":"2020-11-04T12:46:43","modified_gmt":"2020-11-04T12:46:43","slug":"inscription","status":"publish","type":"page","link":"https:\/\/www.co-nect.fr\/en\/inscription\/","title":{"rendered":"Sign in"},"content":{"rendered":"\n   <form method=\"post\" class=\"woocommerce-form woocommerce-form-register register\"  >\n\n     \n     \n     <p class=\"woocommerce-form-row woocommerce-form-row--wide form-row form-row-wide\">\n       <label for=\"reg_email\">Email address&nbsp;<span class=\"required\">*<\/span><\/label>\n       <input type=\"email\" class=\"woocommerce-Input woocommerce-Input--text input-text\" name=\"email\" id=\"reg_email\" autocomplete=\"email\" value=\"\" \/>     <\/p>\n\n     \n       <p>A password will be sent to your email address.<\/p>\n\n     \n     <wc-order-attribution-inputs><\/wc-order-attribution-inputs><div class=\"woocommerce-privacy-policy-text\"><p>Vos donn\u00e9es personnelles seront utilis\u00e9es pour vous accompagner au cours de votre visite du site web, g\u00e9rer l\u2019acc\u00e8s \u00e0 votre compte, et pour d\u2019autres raisons d\u00e9crites dans notre <a href=\"https:\/\/www.co-nect.fr\/politique-de-confidentialite\/\" class=\"woocommerce-privacy-policy-link\" target=\"_blank\">privacy policy<\/a>.<\/p>\n<\/div>\n     <p class=\"woocommerce-FormRow form-row\">\n       <input type=\"hidden\" id=\"woocommerce-register-nonce\" name=\"woocommerce-register-nonce\" value=\"e1018ee98a\" \/><input type=\"hidden\" name=\"_wp_http_referer\" value=\"\/en\/wp-json\/wp\/v2\/pages\/3503\" \/>       <button type=\"submit\" class=\"woocommerce-Button woocommerce-form-register__submit btn btn-primary d-block mx-auto mt-3\" name=\"register\" value=\"Register\">Register<\/button>\n     <\/p>\n\n     \n   <\/form>\n\n   \n","protected":false},"excerpt":{"rendered":"","protected":false},"author":6,"featured_media":0,"parent":0,"menu_order":0,"comment_status":"closed","ping_status":"closed","template":"","meta":{"_seopress_robots_primary_cat":"","_seopress_titles_title":"","_seopress_titles_desc":"","_seopress_robots_index":"yes","footnotes":""},"class_list":["post-3503","page","type-page","status-publish","hentry"],"yoast_head":"<!-- This site is optimized with the Yoast SEO plugin v27.3 - https:\/\/yoast.com\/product\/yoast-seo-wordpress\/ -->\n<title>Sign in | Co-nect<\/title>\n<meta name=\"robots\" content=\"index, follow, max-snippet:-1, max-image-preview:large, max-video-preview:-1\" \/>\n<link rel=\"canonical\" href=\"https:\/\/www.co-nect.fr\/inscription\/\" \/>\n<meta property=\"og:locale\" content=\"en_US\" \/>\n<meta property=\"og:type\" content=\"article\" \/>\n<meta property=\"og:title\" content=\"Sign in | Co-nect\" \/>\n<meta property=\"og:url\" content=\"https:\/\/www.co-nect.fr\/inscription\/\" \/>\n<meta property=\"og:site_name\" content=\"Co-nect\" \/>\n<meta property=\"article:modified_time\" content=\"2020-11-04T12:46:43+00:00\" \/>\n<meta name=\"twitter:card\" content=\"summary_large_image\" \/>\n<script type=\"application\/ld+json\" class=\"yoast-schema-graph\">{\"@context\":\"https:\\\/\\\/schema.org\",\"@graph\":[{\"@type\":\"WebPage\",\"@id\":\"https:\\\/\\\/www.co-nect.fr\\\/inscription\\\/\",\"url\":\"https:\\\/\\\/www.co-nect.fr\\\/inscription\\\/\",\"name\":\"Sign in | Co-nect\",\"isPartOf\":{\"@id\":\"https:\\\/\\\/www.co-nect.fr\\\/#website\"},\"datePublished\":\"2020-02-05T09:59:40+00:00\",\"dateModified\":\"2020-11-04T12:46:43+00:00\",\"breadcrumb\":{\"@id\":\"https:\\\/\\\/www.co-nect.fr\\\/inscription\\\/#breadcrumb\"},\"inLanguage\":\"en-US\",\"potentialAction\":[{\"@type\":\"ReadAction\",\"target\":[\"https:\\\/\\\/www.co-nect.fr\\\/inscription\\\/\"]}]},{\"@type\":\"BreadcrumbList\",\"@id\":\"https:\\\/\\\/www.co-nect.fr\\\/inscription\\\/#breadcrumb\",\"itemListElement\":[{\"@type\":\"ListItem\",\"position\":1,\"name\":\"Accueil\",\"item\":\"https:\\\/\\\/www.co-nect.fr\\\/en\\\/\"},{\"@type\":\"ListItem\",\"position\":2,\"name\":\"Sign in\"}]},{\"@type\":\"WebSite\",\"@id\":\"https:\\\/\\\/www.co-nect.fr\\\/#website\",\"url\":\"https:\\\/\\\/www.co-nect.fr\\\/\",\"name\":\"Co-nect\",\"description\":\"Ma\u00eetre en \u00e9v\u00e9nements\",\"publisher\":{\"@id\":\"https:\\\/\\\/www.co-nect.fr\\\/#organization\"},\"potentialAction\":[{\"@type\":\"SearchAction\",\"target\":{\"@type\":\"EntryPoint\",\"urlTemplate\":\"https:\\\/\\\/www.co-nect.fr\\\/?s={search_term_string}\"},\"query-input\":{\"@type\":\"PropertyValueSpecification\",\"valueRequired\":true,\"valueName\":\"search_term_string\"}}],\"inLanguage\":\"en-US\"},{\"@type\":\"Organization\",\"@id\":\"https:\\\/\\\/www.co-nect.fr\\\/#organization\",\"name\":\"Les Ortigues\",\"url\":\"https:\\\/\\\/www.co-nect.fr\\\/\",\"logo\":{\"@type\":\"ImageObject\",\"inLanguage\":\"en-US\",\"@id\":\"https:\\\/\\\/www.co-nect.fr\\\/#\\\/schema\\\/logo\\\/image\\\/\",\"url\":\"\",\"contentUrl\":\"\",\"caption\":\"Les Ortigues\"},\"image\":{\"@id\":\"https:\\\/\\\/www.co-nect.fr\\\/#\\\/schema\\\/logo\\\/image\\\/\"}}]}<\/script>\n<!-- \/ Yoast SEO plugin. -->","yoast_head_json":{"title":"Sign in | Co-nect","robots":{"index":"index","follow":"follow","max-snippet":"max-snippet:-1","max-image-preview":"max-image-preview:large","max-video-preview":"max-video-preview:-1"},"canonical":"https:\/\/www.co-nect.fr\/inscription\/","og_locale":"en_US","og_type":"article","og_title":"Sign in | Co-nect","og_url":"https:\/\/www.co-nect.fr\/inscription\/","og_site_name":"Co-nect","article_modified_time":"2020-11-04T12:46:43+00:00","twitter_card":"summary_large_image","schema":{"@context":"https:\/\/schema.org","@graph":[{"@type":"WebPage","@id":"https:\/\/www.co-nect.fr\/inscription\/","url":"https:\/\/www.co-nect.fr\/inscription\/","name":"Sign in | Co-nect","isPartOf":{"@id":"https:\/\/www.co-nect.fr\/#website"},"datePublished":"2020-02-05T09:59:40+00:00","dateModified":"2020-11-04T12:46:43+00:00","breadcrumb":{"@id":"https:\/\/www.co-nect.fr\/inscription\/#breadcrumb"},"inLanguage":"en-US","potentialAction":[{"@type":"ReadAction","target":["https:\/\/www.co-nect.fr\/inscription\/"]}]},{"@type":"BreadcrumbList","@id":"https:\/\/www.co-nect.fr\/inscription\/#breadcrumb","itemListElement":[{"@type":"ListItem","position":1,"name":"Accueil","item":"https:\/\/www.co-nect.fr\/en\/"},{"@type":"ListItem","position":2,"name":"Sign in"}]},{"@type":"WebSite","@id":"https:\/\/www.co-nect.fr\/#website","url":"https:\/\/www.co-nect.fr\/","name":"Co-nect","description":"Ma\u00eetre en \u00e9v\u00e9nements","publisher":{"@id":"https:\/\/www.co-nect.fr\/#organization"},"potentialAction":[{"@type":"SearchAction","target":{"@type":"EntryPoint","urlTemplate":"https:\/\/www.co-nect.fr\/?s={search_term_string}"},"query-input":{"@type":"PropertyValueSpecification","valueRequired":true,"valueName":"search_term_string"}}],"inLanguage":"en-US"},{"@type":"Organization","@id":"https:\/\/www.co-nect.fr\/#organization","name":"Les Ortigues","url":"https:\/\/www.co-nect.fr\/","logo":{"@type":"ImageObject","inLanguage":"en-US","@id":"https:\/\/www.co-nect.fr\/#\/schema\/logo\/image\/","url":"","contentUrl":"","caption":"Les Ortigues"},"image":{"@id":"https:\/\/www.co-nect.fr\/#\/schema\/logo\/image\/"}}]}},"_links":{"self":[{"href":"https:\/\/www.co-nect.fr\/en\/wp-json\/wp\/v2\/pages\/3503","targetHints":{"allow":["GET"]}}],"collection":[{"href":"https:\/\/www.co-nect.fr\/en\/wp-json\/wp\/v2\/pages"}],"about":[{"href":"https:\/\/www.co-nect.fr\/en\/wp-json\/wp\/v2\/types\/page"}],"author":[{"embeddable":true,"href":"https:\/\/www.co-nect.fr\/en\/wp-json\/wp\/v2\/users\/6"}],"replies":[{"embeddable":true,"href":"https:\/\/www.co-nect.fr\/en\/wp-json\/wp\/v2\/comments?post=3503"}],"version-history":[{"count":0,"href":"https:\/\/www.co-nect.fr\/en\/wp-json\/wp\/v2\/pages\/3503\/revisions"}],"wp:attachment":[{"href":"https:\/\/www.co-nect.fr\/en\/wp-json\/wp\/v2\/media?parent=3503"}],"curies":[{"name":"wp","href":"https:\/\/api.w.org\/{rel}","templated":true}]}}